{"id":23,"date":"2014-08-29T13:59:37","date_gmt":"2014-08-29T11:59:37","guid":{"rendered":"http:\/\/www.wernerstensgard.se\/?page_id=23"},"modified":"2025-02-04T15:07:48","modified_gmt":"2025-02-04T14:07:48","slug":"om-antikvariat-werner-stensgard","status":"publish","type":"page","link":"http:\/\/www.wernerstensgard.se\/?page_id=23","title":{"rendered":"Om Antikvariat Werner Stensg\u00e5rd"},"content":{"rendered":"<p>&nbsp;<\/p>\n<p><span style=\"color: #000000;\">Antikvariat Werner Stensg\u00e5rd \u00e4r helt n\u00e4tbaserat och b\u00f6ckerna hittar ni p\u00e5 <a href=\"https:\/\/www.bokborsen.se\/?g=0&amp;c=0&amp;q=&amp;qa=&amp;qt=&amp;qi=&amp;qs=Antikvariat+Werner+Stensg%C3%A5rd&amp;f=1&amp;fi=&amp;fd=&amp;fs=&amp;pb=&amp;_s=created_at&amp;_d=desc\">Bokb\u00f6rsen<\/a>.\u00a0<\/span><\/p>\n<p><span style=\"color: #000000;\">Antikvariatet fokuserar p\u00e5 de \u00e4mnen som ligger mig sj\u00e4lv n\u00e4rmast om hj\u00e4rtat, \u00e4ldre b\u00f6cker, numismatik, historia, avhandlingar, sm\u00e5skrifter och kung\u00f6relser. Fokus ligger p\u00e5 tiden 1600- till omkring 1830-talet.<\/span><\/p>\n<p><span style=\"color: #000000;\"><span style=\"color: #000000;\">Jag k\u00f6per enstaka b\u00e4ttre objekt samt hela samlingar. Jag ger \u00e4ven ut tryckta kataloger inom olika specialomr\u00e5den och s\u00e4rskilda samlingar.<\/span><\/span><\/p>\n<p><span style=\"color: #000000;\">Du n\u00e5r mig eklast genom att maila till info(@)wernerstensgard.se<\/span><\/p>\n<p><img loading=\"lazy\" decoding=\"async\" class=\"size-full wp-image-3320\" src=\"http:\/\/www.wernerstensgard.se\/wp-content\/uploads\/vecteezy_un-fila-de-antiguo-libros-de-texto-en-un-polvoriento-estante_24617746-2-scaled.jpg\" alt=\"\" width=\"2560\" height=\"1463\" \/><\/p>\n<p>&nbsp;<\/p>\n","protected":false},"excerpt":{"rendered":"<p>&nbsp; Antikvariat Werner Stensg\u00e5rd \u00e4r helt n\u00e4tbaserat och b\u00f6ckerna hittar ni p\u00e5 Bokb\u00f6rsen.\u00a0 Antikvariatet fokuserar p\u00e5 de \u00e4mnen som ligger mig sj\u00e4lv n\u00e4rmast om hj\u00e4rtat, \u00e4ldre b\u00f6cker, numismatik, historia, avhandlingar,&#8230;<\/p>\n","protected":false},"author":1,"featured_media":0,"parent":0,"menu_order":0,"comment_status":"open","ping_status":"open","template":"","meta":{"footnotes":""},"class_list":["post-23","page","type-page","status-publish","hentry"],"_links":{"self":[{"href":"http:\/\/www.wernerstensgard.se\/index.php?rest_route=\/wp\/v2\/pages\/23","targetHints":{"allow":["GET"]}}],"collection":[{"href":"http:\/\/www.wernerstensgard.se\/index.php?rest_route=\/wp\/v2\/pages"}],"about":[{"href":"http:\/\/www.wernerstensgard.se\/index.php?rest_route=\/wp\/v2\/types\/page"}],"author":[{"embeddable":true,"href":"http:\/\/www.wernerstensgard.se\/index.php?rest_route=\/wp\/v2\/users\/1"}],"replies":[{"embeddable":true,"href":"http:\/\/www.wernerstensgard.se\/index.php?rest_route=%2Fwp%2Fv2%2Fcomments&post=23"}],"version-history":[{"count":31,"href":"http:\/\/www.wernerstensgard.se\/index.php?rest_route=\/wp\/v2\/pages\/23\/revisions"}],"predecessor-version":[{"id":3464,"href":"http:\/\/www.wernerstensgard.se\/index.php?rest_route=\/wp\/v2\/pages\/23\/revisions\/3464"}],"wp:attachment":[{"href":"http:\/\/www.wernerstensgard.se\/index.php?rest_route=%2Fwp%2Fv2%2Fmedia&parent=23"}],"curies":[{"name":"wp","href":"https:\/\/api.w.org\/{rel}","templated":true}]}}